{"id":13,"date":"2024-11-13T16:58:14","date_gmt":"2024-11-13T16:58:14","guid":{"rendered":"https:\/\/metal-master.ro\/index.php\/home\/"},"modified":"2024-12-12T11:06:52","modified_gmt":"2024-12-12T09:06:52","slug":"home","status":"publish","type":"page","link":"https:\/\/metal-master.ro\/","title":{"rendered":"Acas\u0103"},"content":{"rendered":"\n<div id=\"trending-recipes\" class=\"wp-block-group has-global-padding is-layout-constrained wp-block-group-is-layout-constrained\" style=\"margin-top:0px;padding-bottom:var(--wp--preset--spacing--small)\">\n<hr class=\"wp-block-separator has-text-color has-lightgrey-color has-alpha-channel-opacity has-lightgrey-background-color has-background is-style-wide\"\/>\n\n\n\n<div style=\"height:37px\" aria-hidden=\"true\" class=\"wp-block-spacer\"><\/div>\n\n\n\n<div class=\"wp-block-cover alignfull\"><span aria-hidden=\"true\" class=\"wp-block-cover__background has-secondary-background-color has-background-dim-40 has-background-dim\"><\/span><img loading=\"lazy\" decoding=\"async\" width=\"2560\" height=\"1920\" class=\"wp-block-cover__image-background wp-image-118\" alt=\"\" src=\"https:\/\/metal-master.ro\/wp-content\/uploads\/2024\/12\/dreamstimeextralarge_43651766-scaled.jpg\" style=\"object-position:30% 51%\" data-object-fit=\"cover\" data-object-position=\"30% 51%\" srcset=\"https:\/\/metal-master.ro\/wp-content\/uploads\/2024\/12\/dreamstimeextralarge_43651766-scaled.jpg 2560w, https:\/\/metal-master.ro\/wp-content\/uploads\/2024\/12\/dreamstimeextralarge_43651766-300x225.jpg 300w, https:\/\/metal-master.ro\/wp-content\/uploads\/2024\/12\/dreamstimeextralarge_43651766-1024x768.jpg 1024w, https:\/\/metal-master.ro\/wp-content\/uploads\/2024\/12\/dreamstimeextralarge_43651766-768x576.jpg 768w, https:\/\/metal-master.ro\/wp-content\/uploads\/2024\/12\/dreamstimeextralarge_43651766-1536x1152.jpg 1536w, https:\/\/metal-master.ro\/wp-content\/uploads\/2024\/12\/dreamstimeextralarge_43651766-2048x1536.jpg 2048w, https:\/\/metal-master.ro\/wp-content\/uploads\/2024\/12\/dreamstimeextralarge_43651766-600x450.jpg 600w\" sizes=\"(max-width: 2560px) 100vw, 2560px\" \/><div class=\"wp-block-cover__inner-container has-global-padding is-layout-constrained wp-block-cover-is-layout-constrained\">\n<p class=\"has-text-align-center has-x-large-font-size\"><strong>Confec\u021bii Metalice<\/strong><\/p>\n\n\n\n<p class=\"has-medium-font-size\"><strong>.<\/strong><\/p>\n\n\n\n<div class=\"wp-block-group has-global-padding is-layout-constrained wp-block-group-is-layout-constrained\">\r\n\t\t<div  class=\"block-c3c199c9-5ab1-4010-8a47-c6a84b12ad2f row areoi-element\">\r\n\t\t\t\r\n\r\n\t\t\t\n\r\n\t\t<div  class=\"block-54634fe5-940f-411c-a5c7-45554f3b0d75 col areoi-element\">\r\n\t\t\t\r\n\t\t\t \r\n\t\t\t\r\n\t\t<\/div>\r\n\t\n\n\r\n\t\t<div  class=\"block-b6204836-2017-4524-a430-a9bb392ecafa col areoi-element\">\r\n\t\t\t\r\n\t\t\t\n\n<div class=\"wp-block-buttons\" style=\"display: flex; justify-content: center; align-items: center;\">\n<div class=\"wp-block-button is-style-fill\" style=\"display: inline-block;\"><a class=\"wp-block-button__link wp-element-button\" href=\"#produse\">Vezi toate produsele mai jos<\/a><\/div>\n<\/div>\n\n \r\n\t\t\t\r\n\t\t<\/div>\r\n\t\n\n\r\n\t\t<div  class=\"block-2962b4bf-d0d9-4b7e-a608-816cc7b816cf col areoi-element\">\r\n\t\t\t\r\n\t\t\t \r\n\t\t\t\r\n\t\t<\/div>\r\n\t\n \r\n\t\t<\/div>\r\n\t<\/div>\n<\/div><\/div>\n\n\n\n<div class=\"wp-block-group has-global-padding is-layout-constrained wp-block-group-is-layout-constrained\">\n<p><\/p>\n<\/div>\n\n\n\n<h2 class=\"wp-block-heading\"><strong>Metal master produce confec\u021bii metalice \u0219i structuri metalice diverse precum Garduri si Porti metalice, Mobilier metalic si Balustrade metalice<\/strong>.<\/h2>\n<\/div>\n\n\n<!-- Hover Effect #4 Start -->\n<div id=\"produse\" class=\"container\">\n<div class=\"section-title\">\n<h1>Toate produsele noastre<\/h1>\n<\/div>\n<div class=\"row\"><!-- Parapeti -->\n<div class=\"column\">\n<div class=\"effect-img\"><a href=\"https:\/\/metal-master.ro\/index.php\/home\/parapete-metalice-pentru-drumuri-siguranta-si-durabilitate-cu-metal-master\/\"><img decoding=\"async\" src=\"https:\/\/metal-master.ro\/wp-content\/uploads\/2024\/12\/dreamstime_xxl_15455404-scaled.jpg\" alt=\"Parapete\" \/><\/a><\/div>\n<div class=\"effect-text\">\n<div class=\"effect-text-inner\">\n<h2><a href=\"https:\/\/metal-master.ro\/index.php\/home\/parapete-metalice-pentru-drumuri-siguranta-si-durabilitate-cu-metal-master\/\">Parapete<\/a><\/h2>\n<p>Parapete Metalice pentru Drumuri \u2013 Siguran\u021b\u0103 \u0219i Durabilitate cu Metal Master<\/p>\n<div class=\"effect-btn\"><span class=\"btn\"><i class=\"fa fa-eye\"><\/i>Vezi mai multe<\/span><\/div>\n<\/div>\n<\/div>\n<\/div>\n<!-- Porti Metalice -->\n<div class=\"column\">\n<div class=\"effect-img\"><img decoding=\"async\" src=\"https:\/\/metal-master.ro\/wp-content\/uploads\/2024\/12\/img1-scaled.jpg\" alt=\"Porti Metalice\" \/><\/div>\n<div class=\"effect-text\">\n<div class=\"effect-text-inner\">\n<h2><a href=\"https:\/\/metal-master.ro\/index.php\/home\/porti-metalice\/\">Por\u021bi metalice<\/a><\/h2>\n<p>Metal Master Connection este partenerul de \u00eencredere pentru produc\u021bia de por\u021bi metalice \u00een zona de vest a \u021b\u0103rii.<\/p>\n<div class=\"effect-btn\"><span class=\"btn\"><i class=\"fa fa-eye\"><\/i>Vezi mai multe<\/span><\/div>\n<\/div>\n<\/div>\n<\/div>\n<!-- Scari Metalice -->\n<div class=\"column\">\n<div class=\"effect-img\"><a href=\"https:\/\/metal-master.ro\/index.php\/home\/scari-metalicescari-metalice-durabile-si-elegante-pentru-vestul-tarii\/\"><img decoding=\"async\" src=\"https:\/\/metal-master.ro\/wp-content\/uploads\/2024\/12\/dreamstimeextralarge_337043990-scaled.jpg\" alt=\"Scari metalice\" \/><\/a><\/div>\n<div class=\"effect-text\">\n<div class=\"effect-text-inner\">\n<h2><a href=\"https:\/\/metal-master.ro\/index.php\/home\/scari-metalicescari-metalice-durabile-si-elegante-pentru-vestul-tarii\/\">Sc\u0103ri Metalice Durabile<\/a><\/h2>\n<p>Sc\u0103rile metalice oferite de Metal Master \u00eembin\u0103 perfect stilul cu rezisten\u021ba.<\/p>\n<div class=\"effect-btn\"><span class=\"btn\"><i class=\"fa fa-eye\"><\/i>Vezi mai multe<\/span><\/div>\n<\/div>\n<\/div>\n<\/div>\n<!-- Garduri Metalice -->\n<div class=\"column\">\n<div class=\"effect-img\">\u00a0 <a href=\"https:\/\/metal-master.ro\/index.php\/home\/garduri-metalice\/\"><img decoding=\"async\" src=\"https:\/\/metal-master.ro\/wp-content\/uploads\/2024\/12\/dreamstime_xxl_65218017-scaled.jpg\" alt=\"Garduri\" \/><\/a><\/div>\n<div class=\"effect-text\">\n<div class=\"effect-text-inner\">\n<h2><a href=\"https:\/\/metal-master.ro\/index.php\/home\/garduri-metalice\/\">Garduri metalice<\/a><\/h2>\n<p>Toate gardurile noastre sunt realizate la comand\u0103, adaptate cerin\u021belor \u0219i preferin\u021belor dumneavoastr\u0103<\/p>\n<div class=\"effect-btn\"><span class=\"btn\"><i class=\"fa fa-eye\"><\/i>Vezi mai multe<\/span><\/div>\n<\/div>\n<\/div>\n<\/div>\n<!-- Structuri Metalice -->\n<div class=\"column\">\n<div class=\"effect-img\"><a href=\"https:\/\/metal-master.ro\/index.php\/home\/structuri-metalice\/\"><img decoding=\"async\" src=\"https:\/\/metal-master.ro\/wp-content\/uploads\/2024\/12\/dreamstimeextralarge_314430932-scaled.jpg\" alt=\"Structuri Metalice\" \/><\/a><\/div>\n<div class=\"effect-text\">\n<div class=\"effect-text-inner\">\n<h2><a href=\"https:\/\/metal-master.ro\/index.php\/home\/structuri-metalice\/\">Structuri metalice<\/a><\/h2>\n<p>Execut\u0103m o gam\u0103 variat\u0103 de structuri, de la pergole elegante, arcade rezistente, p\u00e2n\u0103 la mobilier de gr\u0103din\u0103 modern \u0219i alte construc\u021bii personalizate.<\/p>\n<div class=\"effect-btn\"><span class=\"btn\"><i class=\"fa fa-eye\"><\/i>Vezi mai multe<\/span><\/div>\n<\/div>\n<\/div>\n<\/div>\n<\/div>\n<\/div>\n<!-- Hover Effect #4 End -->","protected":false},"excerpt":{"rendered":"<p>Metal master produce confec\u021bii metalice \u0219i structuri metalice diverse precum Garduri si Porti metalice, Mobilier metalic si Balustrade metalice. Toate produsele noastre Parapete Parapete Metalice pentru Drumuri \u2013 Siguran\u021b\u0103 \u0219i Durabilitate cu Metal Master Vezi mai multe Por\u021bi metalice Metal Master Connection este partenerul de \u00eencredere pentru produc\u021bia de por\u021bi metalice \u00een zona de vest [&hellip;]<\/p>\n","protected":false},"author":1,"featured_media":118,"parent":0,"menu_order":0,"comment_status":"closed","ping_status":"closed","template":"","meta":{"footnotes":""},"class_list":["post-13","page","type-page","status-publish","has-post-thumbnail","hentry"],"yoast_head":"<!-- This site is optimized with the Yoast SEO plugin v23.8 - https:\/\/yoast.com\/wordpress\/plugins\/seo\/ -->\n<title>Acas\u0103 - Metal Master<\/title>\n<meta name=\"robots\" content=\"index, follow, max-snippet:-1, max-image-preview:large, max-video-preview:-1\" \/>\n<link rel=\"canonical\" href=\"https:\/\/metal-master.ro\/index.php\" \/>\n<meta property=\"og:locale\" content=\"en_US\" \/>\n<meta property=\"og:type\" content=\"article\" \/>\n<meta property=\"og:title\" content=\"Acas\u0103 - Metal Master\" \/>\n<meta property=\"og:description\" content=\"Metal master produce confec\u021bii metalice \u0219i structuri metalice diverse precum Garduri si Porti metalice, Mobilier metalic si Balustrade metalice. Toate produsele noastre Parapete Parapete Metalice pentru Drumuri \u2013 Siguran\u021b\u0103 \u0219i Durabilitate cu Metal Master Vezi mai multe Por\u021bi metalice Metal Master Connection este partenerul de \u00eencredere pentru produc\u021bia de por\u021bi metalice \u00een zona de vest [&hellip;]\" \/>\n<meta property=\"og:url\" content=\"https:\/\/metal-master.ro\/index.php\" \/>\n<meta property=\"og:site_name\" content=\"Metal Master\" \/>\n<meta property=\"article:modified_time\" content=\"2024-12-12T09:06:52+00:00\" \/>\n<meta property=\"og:image\" content=\"https:\/\/metal-master.ro\/wp-content\/uploads\/2024\/12\/dreamstimeextralarge_43651766-scaled.jpg\" \/>\n\t<meta property=\"og:image:width\" content=\"2560\" \/>\n\t<meta property=\"og:image:height\" content=\"1920\" \/>\n\t<meta property=\"og:image:type\" content=\"image\/jpeg\" \/>\n<meta name=\"twitter:card\" content=\"summary_large_image\" \/>\n<meta name=\"twitter:label1\" content=\"Est. reading time\" \/>\n\t<meta name=\"twitter:data1\" content=\"2 minutes\" \/>\n<script type=\"application\/ld+json\" class=\"yoast-schema-graph\">{\"@context\":\"https:\/\/schema.org\",\"@graph\":[{\"@type\":\"WebPage\",\"@id\":\"https:\/\/metal-master.ro\/\",\"url\":\"https:\/\/metal-master.ro\/index.php\",\"name\":\"Acas\u0103 - Metal Master\",\"isPartOf\":{\"@id\":\"https:\/\/metal-master.ro\/#website\"},\"primaryImageOfPage\":{\"@id\":\"https:\/\/metal-master.ro\/index.php#primaryimage\"},\"image\":{\"@id\":\"https:\/\/metal-master.ro\/index.php#primaryimage\"},\"thumbnailUrl\":\"https:\/\/metal-master.ro\/wp-content\/uploads\/2024\/12\/dreamstimeextralarge_43651766-scaled.jpg\",\"datePublished\":\"2024-11-13T16:58:14+00:00\",\"dateModified\":\"2024-12-12T09:06:52+00:00\",\"breadcrumb\":{\"@id\":\"https:\/\/metal-master.ro\/index.php#breadcrumb\"},\"inLanguage\":\"en-US\",\"potentialAction\":[{\"@type\":\"ReadAction\",\"target\":[\"https:\/\/metal-master.ro\/index.php\"]}]},{\"@type\":\"ImageObject\",\"inLanguage\":\"en-US\",\"@id\":\"https:\/\/metal-master.ro\/index.php#primaryimage\",\"url\":\"https:\/\/metal-master.ro\/wp-content\/uploads\/2024\/12\/dreamstimeextralarge_43651766-scaled.jpg\",\"contentUrl\":\"https:\/\/metal-master.ro\/wp-content\/uploads\/2024\/12\/dreamstimeextralarge_43651766-scaled.jpg\",\"width\":2560,\"height\":1920},{\"@type\":\"BreadcrumbList\",\"@id\":\"https:\/\/metal-master.ro\/index.php#breadcrumb\",\"itemListElement\":[{\"@type\":\"ListItem\",\"position\":1,\"name\":\"Home\",\"item\":\"https:\/\/metal-master.ro\/\"},{\"@type\":\"ListItem\",\"position\":2,\"name\":\"Acas\u0103\"}]},{\"@type\":\"WebSite\",\"@id\":\"https:\/\/metal-master.ro\/#website\",\"url\":\"https:\/\/metal-master.ro\/\",\"name\":\"Metal Master\",\"description\":\"\",\"publisher\":{\"@id\":\"https:\/\/metal-master.ro\/#organization\"},\"potentialAction\":[{\"@type\":\"SearchAction\",\"target\":{\"@type\":\"EntryPoint\",\"urlTemplate\":\"https:\/\/metal-master.ro\/?s={search_term_string}\"},\"query-input\":{\"@type\":\"PropertyValueSpecification\",\"valueRequired\":true,\"valueName\":\"search_term_string\"}}],\"inLanguage\":\"en-US\"},{\"@type\":\"Organization\",\"@id\":\"https:\/\/metal-master.ro\/#organization\",\"name\":\"Metal Master\",\"url\":\"https:\/\/metal-master.ro\/\",\"logo\":{\"@type\":\"ImageObject\",\"inLanguage\":\"en-US\",\"@id\":\"https:\/\/metal-master.ro\/#\/schema\/logo\/image\/\",\"url\":\"https:\/\/metal-master.ro\/wp-content\/uploads\/2024\/11\/5d11b4b4-1c88-48f2-847e-53394684b9d9.jpg\",\"contentUrl\":\"https:\/\/metal-master.ro\/wp-content\/uploads\/2024\/11\/5d11b4b4-1c88-48f2-847e-53394684b9d9.jpg\",\"width\":816,\"height\":703,\"caption\":\"Metal Master\"},\"image\":{\"@id\":\"https:\/\/metal-master.ro\/#\/schema\/logo\/image\/\"}}]}<\/script>\n<!-- \/ Yoast SEO plugin. -->","yoast_head_json":{"title":"Acas\u0103 - Metal Master","robots":{"index":"index","follow":"follow","max-snippet":"max-snippet:-1","max-image-preview":"max-image-preview:large","max-video-preview":"max-video-preview:-1"},"canonical":"https:\/\/metal-master.ro\/index.php","og_locale":"en_US","og_type":"article","og_title":"Acas\u0103 - Metal Master","og_description":"Metal master produce confec\u021bii metalice \u0219i structuri metalice diverse precum Garduri si Porti metalice, Mobilier metalic si Balustrade metalice. Toate produsele noastre Parapete Parapete Metalice pentru Drumuri \u2013 Siguran\u021b\u0103 \u0219i Durabilitate cu Metal Master Vezi mai multe Por\u021bi metalice Metal Master Connection este partenerul de \u00eencredere pentru produc\u021bia de por\u021bi metalice \u00een zona de vest [&hellip;]","og_url":"https:\/\/metal-master.ro\/index.php","og_site_name":"Metal Master","article_modified_time":"2024-12-12T09:06:52+00:00","og_image":[{"width":2560,"height":1920,"url":"https:\/\/metal-master.ro\/wp-content\/uploads\/2024\/12\/dreamstimeextralarge_43651766-scaled.jpg","type":"image\/jpeg"}],"twitter_card":"summary_large_image","twitter_misc":{"Est. reading time":"2 minutes"},"schema":{"@context":"https:\/\/schema.org","@graph":[{"@type":"WebPage","@id":"https:\/\/metal-master.ro\/","url":"https:\/\/metal-master.ro\/index.php","name":"Acas\u0103 - Metal Master","isPartOf":{"@id":"https:\/\/metal-master.ro\/#website"},"primaryImageOfPage":{"@id":"https:\/\/metal-master.ro\/index.php#primaryimage"},"image":{"@id":"https:\/\/metal-master.ro\/index.php#primaryimage"},"thumbnailUrl":"https:\/\/metal-master.ro\/wp-content\/uploads\/2024\/12\/dreamstimeextralarge_43651766-scaled.jpg","datePublished":"2024-11-13T16:58:14+00:00","dateModified":"2024-12-12T09:06:52+00:00","breadcrumb":{"@id":"https:\/\/metal-master.ro\/index.php#breadcrumb"},"inLanguage":"en-US","potentialAction":[{"@type":"ReadAction","target":["https:\/\/metal-master.ro\/index.php"]}]},{"@type":"ImageObject","inLanguage":"en-US","@id":"https:\/\/metal-master.ro\/index.php#primaryimage","url":"https:\/\/metal-master.ro\/wp-content\/uploads\/2024\/12\/dreamstimeextralarge_43651766-scaled.jpg","contentUrl":"https:\/\/metal-master.ro\/wp-content\/uploads\/2024\/12\/dreamstimeextralarge_43651766-scaled.jpg","width":2560,"height":1920},{"@type":"BreadcrumbList","@id":"https:\/\/metal-master.ro\/index.php#breadcrumb","itemListElement":[{"@type":"ListItem","position":1,"name":"Home","item":"https:\/\/metal-master.ro\/"},{"@type":"ListItem","position":2,"name":"Acas\u0103"}]},{"@type":"WebSite","@id":"https:\/\/metal-master.ro\/#website","url":"https:\/\/metal-master.ro\/","name":"Metal Master","description":"","publisher":{"@id":"https:\/\/metal-master.ro\/#organization"},"potentialAction":[{"@type":"SearchAction","target":{"@type":"EntryPoint","urlTemplate":"https:\/\/metal-master.ro\/?s={search_term_string}"},"query-input":{"@type":"PropertyValueSpecification","valueRequired":true,"valueName":"search_term_string"}}],"inLanguage":"en-US"},{"@type":"Organization","@id":"https:\/\/metal-master.ro\/#organization","name":"Metal Master","url":"https:\/\/metal-master.ro\/","logo":{"@type":"ImageObject","inLanguage":"en-US","@id":"https:\/\/metal-master.ro\/#\/schema\/logo\/image\/","url":"https:\/\/metal-master.ro\/wp-content\/uploads\/2024\/11\/5d11b4b4-1c88-48f2-847e-53394684b9d9.jpg","contentUrl":"https:\/\/metal-master.ro\/wp-content\/uploads\/2024\/11\/5d11b4b4-1c88-48f2-847e-53394684b9d9.jpg","width":816,"height":703,"caption":"Metal Master"},"image":{"@id":"https:\/\/metal-master.ro\/#\/schema\/logo\/image\/"}}]}},"_links":{"self":[{"href":"https:\/\/metal-master.ro\/index.php\/wp-json\/wp\/v2\/pages\/13"}],"collection":[{"href":"https:\/\/metal-master.ro\/index.php\/wp-json\/wp\/v2\/pages"}],"about":[{"href":"https:\/\/metal-master.ro\/index.php\/wp-json\/wp\/v2\/types\/page"}],"author":[{"embeddable":true,"href":"https:\/\/metal-master.ro\/index.php\/wp-json\/wp\/v2\/users\/1"}],"replies":[{"embeddable":true,"href":"https:\/\/metal-master.ro\/index.php\/wp-json\/wp\/v2\/comments?post=13"}],"version-history":[{"count":36,"href":"https:\/\/metal-master.ro\/index.php\/wp-json\/wp\/v2\/pages\/13\/revisions"}],"predecessor-version":[{"id":227,"href":"https:\/\/metal-master.ro\/index.php\/wp-json\/wp\/v2\/pages\/13\/revisions\/227"}],"wp:featuredmedia":[{"embeddable":true,"href":"https:\/\/metal-master.ro\/index.php\/wp-json\/wp\/v2\/media\/118"}],"wp:attachment":[{"href":"https:\/\/metal-master.ro\/index.php\/wp-json\/wp\/v2\/media?parent=13"}],"curies":[{"name":"wp","href":"https:\/\/api.w.org\/{rel}","templated":true}]}}