{"id":15,"date":"2024-11-13T16:58:14","date_gmt":"2024-11-13T16:58:14","guid":{"rendered":"https:\/\/metal-master.ro\/index.php\/about-us\/"},"modified":"2024-12-12T00:02:35","modified_gmt":"2024-12-11T22:02:35","slug":"about-us","status":"publish","type":"page","link":"https:\/\/metal-master.ro\/index.php\/about-us\/","title":{"rendered":"Despre noi"},"content":{"rendered":"\n<p class=\"has-medium-font-size\"><strong>Metal Master<\/strong> &#8211; Expertul T\u0103u \u00een Construc\u021bii Metalice Personalizate Metal Master este o companie specializat\u0103 \u00een confec\u021bii metalice de orice tip, oferind solu\u021bii personalizate pentru proiectele dumneavoastr\u0103.<\/p>\n\n\n\n<p class=\"has-medium-font-size\">Indiferent dac\u0103 ave\u021bi nevoie de <strong>por\u021bi, garduri, sc\u0103ri metalice, balustrade, mobilier sau structuri complexe<\/strong>, echipa noastr\u0103 de profesioni\u0219ti cu experien\u021b\u0103 \u00een domeniu este preg\u0103tit\u0103 s\u0103 transforme orice idee \u00een realitate. Cu o pasiune pentru calitate \u0219i precizie, execut\u0103m at\u00e2t lucr\u0103ri standard, c\u00e2t \u0219i comenzi speciale, adaptate cerin\u021belor specifice ale fiec\u0103rui client. Folosim materiale de cea mai bun\u0103 calitate \u0219i tehnici moderne de sudur\u0103 pentru a asigura durabilitate \u0219i un design deosebit.<\/p>\n\n\n\n<p class=\"has-medium-font-size\">Alege <strong>Metal Master<\/strong> pentru confec\u021bii metalice rezistente, estetice \u0219i realizate cu profesionalism!<\/p>\n\n\n\n<p class=\"has-medium-font-size\"><\/p>\n","protected":false},"excerpt":{"rendered":"<p>Metal Master &#8211; Expertul T\u0103u \u00een Construc\u021bii Metalice Personalizate Metal Master este o companie specializat\u0103 \u00een confec\u021bii metalice de orice tip, oferind solu\u021bii personalizate pentru proiectele dumneavoastr\u0103. Indiferent dac\u0103 ave\u021bi nevoie de por\u021bi, garduri, sc\u0103ri metalice, balustrade, mobilier sau structuri complexe, echipa noastr\u0103 de profesioni\u0219ti cu experien\u021b\u0103 \u00een domeniu este preg\u0103tit\u0103 s\u0103 transforme orice idee [&hellip;]<\/p>\n","protected":false},"author":1,"featured_media":0,"parent":0,"menu_order":0,"comment_status":"closed","ping_status":"closed","template":"","meta":{"footnotes":""},"class_list":["post-15","page","type-page","status-publish","hentry"],"yoast_head":"<!-- This site is optimized with the Yoast SEO plugin v23.8 - https:\/\/yoast.com\/wordpress\/plugins\/seo\/ -->\n<title>Despre noi - Metal Master<\/title>\n<meta name=\"robots\" content=\"index, follow, max-snippet:-1, max-image-preview:large, max-video-preview:-1\" \/>\n<link rel=\"canonical\" href=\"https:\/\/metal-master.ro\/index.php\/about-us\/\" \/>\n<meta property=\"og:locale\" content=\"en_US\" \/>\n<meta property=\"og:type\" content=\"article\" \/>\n<meta property=\"og:title\" content=\"Despre noi - Metal Master\" \/>\n<meta property=\"og:description\" content=\"Metal Master &#8211; Expertul T\u0103u \u00een Construc\u021bii Metalice Personalizate Metal Master este o companie specializat\u0103 \u00een confec\u021bii metalice de orice tip, oferind solu\u021bii personalizate pentru proiectele dumneavoastr\u0103. Indiferent dac\u0103 ave\u021bi nevoie de por\u021bi, garduri, sc\u0103ri metalice, balustrade, mobilier sau structuri complexe, echipa noastr\u0103 de profesioni\u0219ti cu experien\u021b\u0103 \u00een domeniu este preg\u0103tit\u0103 s\u0103 transforme orice idee [&hellip;]\" \/>\n<meta property=\"og:url\" content=\"https:\/\/metal-master.ro\/index.php\/about-us\/\" \/>\n<meta property=\"og:site_name\" content=\"Metal Master\" \/>\n<meta property=\"article:modified_time\" content=\"2024-12-11T22:02:35+00:00\" \/>\n<meta property=\"og:image\" content=\"https:\/\/metal-master.ro\/wp-content\/uploads\/2024\/11\/cropped-5d11b4b4-1c88-48f2-847e-53394684b9d9.jpg\" \/>\n\t<meta property=\"og:image:width\" content=\"512\" \/>\n\t<meta property=\"og:image:height\" content=\"512\" \/>\n\t<meta property=\"og:image:type\" content=\"image\/jpeg\" \/>\n<meta name=\"twitter:card\" content=\"summary_large_image\" \/>\n<meta name=\"twitter:label1\" content=\"Est. reading time\" \/>\n\t<meta name=\"twitter:data1\" content=\"1 minute\" \/>\n<script type=\"application\/ld+json\" class=\"yoast-schema-graph\">{\"@context\":\"https:\/\/schema.org\",\"@graph\":[{\"@type\":\"WebPage\",\"@id\":\"https:\/\/metal-master.ro\/index.php\/about-us\/\",\"url\":\"https:\/\/metal-master.ro\/index.php\/about-us\/\",\"name\":\"Despre noi - Metal Master\",\"isPartOf\":{\"@id\":\"https:\/\/metal-master.ro\/#website\"},\"datePublished\":\"2024-11-13T16:58:14+00:00\",\"dateModified\":\"2024-12-11T22:02:35+00:00\",\"breadcrumb\":{\"@id\":\"https:\/\/metal-master.ro\/index.php\/about-us\/#breadcrumb\"},\"inLanguage\":\"en-US\",\"potentialAction\":[{\"@type\":\"ReadAction\",\"target\":[\"https:\/\/metal-master.ro\/index.php\/about-us\/\"]}]},{\"@type\":\"BreadcrumbList\",\"@id\":\"https:\/\/metal-master.ro\/index.php\/about-us\/#breadcrumb\",\"itemListElement\":[{\"@type\":\"ListItem\",\"position\":1,\"name\":\"Home\",\"item\":\"https:\/\/metal-master.ro\/\"},{\"@type\":\"ListItem\",\"position\":2,\"name\":\"Despre noi\"}]},{\"@type\":\"WebSite\",\"@id\":\"https:\/\/metal-master.ro\/#website\",\"url\":\"https:\/\/metal-master.ro\/\",\"name\":\"Metal Master\",\"description\":\"\",\"publisher\":{\"@id\":\"https:\/\/metal-master.ro\/#organization\"},\"potentialAction\":[{\"@type\":\"SearchAction\",\"target\":{\"@type\":\"EntryPoint\",\"urlTemplate\":\"https:\/\/metal-master.ro\/?s={search_term_string}\"},\"query-input\":{\"@type\":\"PropertyValueSpecification\",\"valueRequired\":true,\"valueName\":\"search_term_string\"}}],\"inLanguage\":\"en-US\"},{\"@type\":\"Organization\",\"@id\":\"https:\/\/metal-master.ro\/#organization\",\"name\":\"Metal Master\",\"url\":\"https:\/\/metal-master.ro\/\",\"logo\":{\"@type\":\"ImageObject\",\"inLanguage\":\"en-US\",\"@id\":\"https:\/\/metal-master.ro\/#\/schema\/logo\/image\/\",\"url\":\"https:\/\/metal-master.ro\/wp-content\/uploads\/2024\/11\/5d11b4b4-1c88-48f2-847e-53394684b9d9.jpg\",\"contentUrl\":\"https:\/\/metal-master.ro\/wp-content\/uploads\/2024\/11\/5d11b4b4-1c88-48f2-847e-53394684b9d9.jpg\",\"width\":816,\"height\":703,\"caption\":\"Metal Master\"},\"image\":{\"@id\":\"https:\/\/metal-master.ro\/#\/schema\/logo\/image\/\"}}]}<\/script>\n<!-- \/ Yoast SEO plugin. -->","yoast_head_json":{"title":"Despre noi - Metal Master","robots":{"index":"index","follow":"follow","max-snippet":"max-snippet:-1","max-image-preview":"max-image-preview:large","max-video-preview":"max-video-preview:-1"},"canonical":"https:\/\/metal-master.ro\/index.php\/about-us\/","og_locale":"en_US","og_type":"article","og_title":"Despre noi - Metal Master","og_description":"Metal Master &#8211; Expertul T\u0103u \u00een Construc\u021bii Metalice Personalizate Metal Master este o companie specializat\u0103 \u00een confec\u021bii metalice de orice tip, oferind solu\u021bii personalizate pentru proiectele dumneavoastr\u0103. Indiferent dac\u0103 ave\u021bi nevoie de por\u021bi, garduri, sc\u0103ri metalice, balustrade, mobilier sau structuri complexe, echipa noastr\u0103 de profesioni\u0219ti cu experien\u021b\u0103 \u00een domeniu este preg\u0103tit\u0103 s\u0103 transforme orice idee [&hellip;]","og_url":"https:\/\/metal-master.ro\/index.php\/about-us\/","og_site_name":"Metal Master","article_modified_time":"2024-12-11T22:02:35+00:00","og_image":[{"width":512,"height":512,"url":"https:\/\/metal-master.ro\/wp-content\/uploads\/2024\/11\/cropped-5d11b4b4-1c88-48f2-847e-53394684b9d9.jpg","type":"image\/jpeg"}],"twitter_card":"summary_large_image","twitter_misc":{"Est. reading time":"1 minute"},"schema":{"@context":"https:\/\/schema.org","@graph":[{"@type":"WebPage","@id":"https:\/\/metal-master.ro\/index.php\/about-us\/","url":"https:\/\/metal-master.ro\/index.php\/about-us\/","name":"Despre noi - Metal Master","isPartOf":{"@id":"https:\/\/metal-master.ro\/#website"},"datePublished":"2024-11-13T16:58:14+00:00","dateModified":"2024-12-11T22:02:35+00:00","breadcrumb":{"@id":"https:\/\/metal-master.ro\/index.php\/about-us\/#breadcrumb"},"inLanguage":"en-US","potentialAction":[{"@type":"ReadAction","target":["https:\/\/metal-master.ro\/index.php\/about-us\/"]}]},{"@type":"BreadcrumbList","@id":"https:\/\/metal-master.ro\/index.php\/about-us\/#breadcrumb","itemListElement":[{"@type":"ListItem","position":1,"name":"Home","item":"https:\/\/metal-master.ro\/"},{"@type":"ListItem","position":2,"name":"Despre noi"}]},{"@type":"WebSite","@id":"https:\/\/metal-master.ro\/#website","url":"https:\/\/metal-master.ro\/","name":"Metal Master","description":"","publisher":{"@id":"https:\/\/metal-master.ro\/#organization"},"potentialAction":[{"@type":"SearchAction","target":{"@type":"EntryPoint","urlTemplate":"https:\/\/metal-master.ro\/?s={search_term_string}"},"query-input":{"@type":"PropertyValueSpecification","valueRequired":true,"valueName":"search_term_string"}}],"inLanguage":"en-US"},{"@type":"Organization","@id":"https:\/\/metal-master.ro\/#organization","name":"Metal Master","url":"https:\/\/metal-master.ro\/","logo":{"@type":"ImageObject","inLanguage":"en-US","@id":"https:\/\/metal-master.ro\/#\/schema\/logo\/image\/","url":"https:\/\/metal-master.ro\/wp-content\/uploads\/2024\/11\/5d11b4b4-1c88-48f2-847e-53394684b9d9.jpg","contentUrl":"https:\/\/metal-master.ro\/wp-content\/uploads\/2024\/11\/5d11b4b4-1c88-48f2-847e-53394684b9d9.jpg","width":816,"height":703,"caption":"Metal Master"},"image":{"@id":"https:\/\/metal-master.ro\/#\/schema\/logo\/image\/"}}]}},"_links":{"self":[{"href":"https:\/\/metal-master.ro\/index.php\/wp-json\/wp\/v2\/pages\/15"}],"collection":[{"href":"https:\/\/metal-master.ro\/index.php\/wp-json\/wp\/v2\/pages"}],"about":[{"href":"https:\/\/metal-master.ro\/index.php\/wp-json\/wp\/v2\/types\/page"}],"author":[{"embeddable":true,"href":"https:\/\/metal-master.ro\/index.php\/wp-json\/wp\/v2\/users\/1"}],"replies":[{"embeddable":true,"href":"https:\/\/metal-master.ro\/index.php\/wp-json\/wp\/v2\/comments?post=15"}],"version-history":[{"count":3,"href":"https:\/\/metal-master.ro\/index.php\/wp-json\/wp\/v2\/pages\/15\/revisions"}],"predecessor-version":[{"id":223,"href":"https:\/\/metal-master.ro\/index.php\/wp-json\/wp\/v2\/pages\/15\/revisions\/223"}],"wp:attachment":[{"href":"https:\/\/metal-master.ro\/index.php\/wp-json\/wp\/v2\/media?parent=15"}],"curies":[{"name":"wp","href":"https:\/\/api.w.org\/{rel}","templated":true}]}}