{"id":183,"date":"2024-12-11T22:42:05","date_gmt":"2024-12-11T20:42:05","guid":{"rendered":"https:\/\/metal-master.ro\/?page_id=183"},"modified":"2024-12-11T23:21:37","modified_gmt":"2024-12-11T21:21:37","slug":"structuri-metalice","status":"publish","type":"page","link":"https:\/\/metal-master.ro\/index.php\/home\/structuri-metalice\/","title":{"rendered":"Structuri Metalice"},"content":{"rendered":"\n<p class=\"has-medium-font-size\"><strong>Metal Master<\/strong> v\u0103 ofer\u0103 solu\u021bii complete pentru structuri metalice personalizate, concepute s\u0103 r\u0103spund\u0103 perfect cerin\u021belor proiectului dumneavoastr\u0103. Execut\u0103m o gam\u0103 variat\u0103 de structuri, de la pergole elegante, arcade rezistente, p\u00e2n\u0103 la mobilier de gr\u0103din\u0103 modern \u0219i alte construc\u021bii personalizate.<\/p>\n\n\n\n<p class=\"has-medium-font-size\">Cu experien\u021b\u0103 vast\u0103 \u0219i utiliz\u00e2nd materiale de cea mai bun\u0103 calitate, garant\u0103m durabilitatea \u0219i estetica fiec\u0103rui proiect. Indiferent de dimensiunea sau complexitatea lucr\u0103rii, <strong>Metal Master<\/strong> este partenerul ideal pentru a v\u0103 transforma ideile \u00een realitate. Contacta\u021bi-ne pentru o ofert\u0103 adaptat\u0103 nevoilor dumneavoastr\u0103!<\/p>\n\n\n\n<figure class=\"wp-block-gallery has-nested-images columns-default is-cropped wp-block-gallery-1 is-layout-flex wp-block-gallery-is-layout-flex\">\n<figure class=\"wp-block-image size-large\"><img loading=\"lazy\" decoding=\"async\" width=\"1024\" height=\"682\" data-id=\"148\" src=\"https:\/\/metal-master.ro\/wp-content\/uploads\/2024\/12\/dreamstimeextralarge_36899425-1024x682.jpg\" alt=\"structuri metalice personalizate\" class=\"wp-image-148\" srcset=\"https:\/\/metal-master.ro\/wp-content\/uploads\/2024\/12\/dreamstimeextralarge_36899425-1024x682.jpg 1024w, https:\/\/metal-master.ro\/wp-content\/uploads\/2024\/12\/dreamstimeextralarge_36899425-300x200.jpg 300w, https:\/\/metal-master.ro\/wp-content\/uploads\/2024\/12\/dreamstimeextralarge_36899425-768x512.jpg 768w, https:\/\/metal-master.ro\/wp-content\/uploads\/2024\/12\/dreamstimeextralarge_36899425-1536x1023.jpg 1536w, https:\/\/metal-master.ro\/wp-content\/uploads\/2024\/12\/dreamstimeextralarge_36899425-2048x1365.jpg 2048w\" sizes=\"(max-width: 1024px) 100vw, 1024px\" \/><\/figure>\n\n\n\n<figure class=\"wp-block-image size-large\"><img loading=\"lazy\" decoding=\"async\" width=\"1024\" height=\"683\" data-id=\"149\" src=\"https:\/\/metal-master.ro\/wp-content\/uploads\/2024\/12\/dreamstimeextralarge_195906374-1024x683.jpg\" alt=\"structuri metalice personalizate\" class=\"wp-image-149\" srcset=\"https:\/\/metal-master.ro\/wp-content\/uploads\/2024\/12\/dreamstimeextralarge_195906374-1024x683.jpg 1024w, https:\/\/metal-master.ro\/wp-content\/uploads\/2024\/12\/dreamstimeextralarge_195906374-300x200.jpg 300w, https:\/\/metal-master.ro\/wp-content\/uploads\/2024\/12\/dreamstimeextralarge_195906374-768x512.jpg 768w, https:\/\/metal-master.ro\/wp-content\/uploads\/2024\/12\/dreamstimeextralarge_195906374-1536x1024.jpg 1536w, https:\/\/metal-master.ro\/wp-content\/uploads\/2024\/12\/dreamstimeextralarge_195906374-2048x1365.jpg 2048w\" sizes=\"(max-width: 1024px) 100vw, 1024px\" \/><\/figure>\n\n\n\n<figure class=\"wp-block-image size-large\"><img loading=\"lazy\" decoding=\"async\" width=\"1024\" height=\"683\" data-id=\"150\" src=\"https:\/\/metal-master.ro\/wp-content\/uploads\/2024\/12\/dreamstimeextralarge_314430932-1024x683.jpg\" alt=\"structuri metalice personalizate\" class=\"wp-image-150\" srcset=\"https:\/\/metal-master.ro\/wp-content\/uploads\/2024\/12\/dreamstimeextralarge_314430932-1024x683.jpg 1024w, https:\/\/metal-master.ro\/wp-content\/uploads\/2024\/12\/dreamstimeextralarge_314430932-300x200.jpg 300w, https:\/\/metal-master.ro\/wp-content\/uploads\/2024\/12\/dreamstimeextralarge_314430932-768x512.jpg 768w, https:\/\/metal-master.ro\/wp-content\/uploads\/2024\/12\/dreamstimeextralarge_314430932-1536x1024.jpg 1536w, https:\/\/metal-master.ro\/wp-content\/uploads\/2024\/12\/dreamstimeextralarge_314430932-2048x1365.jpg 2048w\" sizes=\"(max-width: 1024px) 100vw, 1024px\" \/><\/figure>\n<\/figure>\n\n\n\n<p><\/p>\n\n\n\n<p><\/p>\n","protected":false},"excerpt":{"rendered":"<p>Metal Master v\u0103 ofer\u0103 solu\u021bii complete pentru structuri metalice personalizate, concepute s\u0103 r\u0103spund\u0103 perfect cerin\u021belor proiectului dumneavoastr\u0103. Execut\u0103m o gam\u0103 variat\u0103 de structuri, de la pergole elegante, arcade rezistente, p\u00e2n\u0103 la mobilier de gr\u0103din\u0103 modern \u0219i alte construc\u021bii personalizate. Cu experien\u021b\u0103 vast\u0103 \u0219i utiliz\u00e2nd materiale de cea mai bun\u0103 calitate, garant\u0103m durabilitatea \u0219i estetica fiec\u0103rui [&hellip;]<\/p>\n","protected":false},"author":1,"featured_media":0,"parent":13,"menu_order":0,"comment_status":"closed","ping_status":"closed","template":"","meta":{"footnotes":""},"class_list":["post-183","page","type-page","status-publish","hentry"],"yoast_head":"<!-- This site is optimized with the Yoast SEO plugin v23.8 - https:\/\/yoast.com\/wordpress\/plugins\/seo\/ -->\n<title>Structuri Metalice - Metal Master<\/title>\n<meta name=\"robots\" content=\"index, follow, max-snippet:-1, max-image-preview:large, max-video-preview:-1\" \/>\n<link rel=\"canonical\" href=\"https:\/\/metal-master.ro\/index.php\/home\/structuri-metalice\/\" \/>\n<meta property=\"og:locale\" content=\"en_US\" \/>\n<meta property=\"og:type\" content=\"article\" \/>\n<meta property=\"og:title\" content=\"Structuri Metalice - Metal Master\" \/>\n<meta property=\"og:description\" content=\"Metal Master v\u0103 ofer\u0103 solu\u021bii complete pentru structuri metalice personalizate, concepute s\u0103 r\u0103spund\u0103 perfect cerin\u021belor proiectului dumneavoastr\u0103. Execut\u0103m o gam\u0103 variat\u0103 de structuri, de la pergole elegante, arcade rezistente, p\u00e2n\u0103 la mobilier de gr\u0103din\u0103 modern \u0219i alte construc\u021bii personalizate. Cu experien\u021b\u0103 vast\u0103 \u0219i utiliz\u00e2nd materiale de cea mai bun\u0103 calitate, garant\u0103m durabilitatea \u0219i estetica fiec\u0103rui [&hellip;]\" \/>\n<meta property=\"og:url\" content=\"https:\/\/metal-master.ro\/index.php\/home\/structuri-metalice\/\" \/>\n<meta property=\"og:site_name\" content=\"Metal Master\" \/>\n<meta property=\"article:modified_time\" content=\"2024-12-11T21:21:37+00:00\" \/>\n<meta property=\"og:image\" content=\"https:\/\/metal-master.ro\/wp-content\/uploads\/2024\/12\/dreamstimeextralarge_36899425-scaled.jpg\" \/>\n\t<meta property=\"og:image:width\" content=\"2560\" \/>\n\t<meta property=\"og:image:height\" content=\"1706\" \/>\n\t<meta property=\"og:image:type\" content=\"image\/jpeg\" \/>\n<meta name=\"twitter:card\" content=\"summary_large_image\" \/>\n<meta name=\"twitter:label1\" content=\"Est. reading time\" \/>\n\t<meta name=\"twitter:data1\" content=\"1 minute\" \/>\n<script type=\"application\/ld+json\" class=\"yoast-schema-graph\">{\"@context\":\"https:\/\/schema.org\",\"@graph\":[{\"@type\":\"WebPage\",\"@id\":\"https:\/\/metal-master.ro\/index.php\/home\/structuri-metalice\/\",\"url\":\"https:\/\/metal-master.ro\/index.php\/home\/structuri-metalice\/\",\"name\":\"Structuri Metalice - Metal Master\",\"isPartOf\":{\"@id\":\"https:\/\/metal-master.ro\/#website\"},\"primaryImageOfPage\":{\"@id\":\"https:\/\/metal-master.ro\/index.php\/home\/structuri-metalice\/#primaryimage\"},\"image\":{\"@id\":\"https:\/\/metal-master.ro\/index.php\/home\/structuri-metalice\/#primaryimage\"},\"thumbnailUrl\":\"https:\/\/metal-master.ro\/wp-content\/uploads\/2024\/12\/dreamstimeextralarge_36899425-1024x682.jpg\",\"datePublished\":\"2024-12-11T20:42:05+00:00\",\"dateModified\":\"2024-12-11T21:21:37+00:00\",\"breadcrumb\":{\"@id\":\"https:\/\/metal-master.ro\/index.php\/home\/structuri-metalice\/#breadcrumb\"},\"inLanguage\":\"en-US\",\"potentialAction\":[{\"@type\":\"ReadAction\",\"target\":[\"https:\/\/metal-master.ro\/index.php\/home\/structuri-metalice\/\"]}]},{\"@type\":\"ImageObject\",\"inLanguage\":\"en-US\",\"@id\":\"https:\/\/metal-master.ro\/index.php\/home\/structuri-metalice\/#primaryimage\",\"url\":\"https:\/\/metal-master.ro\/wp-content\/uploads\/2024\/12\/dreamstimeextralarge_36899425-scaled.jpg\",\"contentUrl\":\"https:\/\/metal-master.ro\/wp-content\/uploads\/2024\/12\/dreamstimeextralarge_36899425-scaled.jpg\",\"width\":2560,\"height\":1706},{\"@type\":\"BreadcrumbList\",\"@id\":\"https:\/\/metal-master.ro\/index.php\/home\/structuri-metalice\/#breadcrumb\",\"itemListElement\":[{\"@type\":\"ListItem\",\"position\":1,\"name\":\"Home\",\"item\":\"https:\/\/metal-master.ro\/\"},{\"@type\":\"ListItem\",\"position\":2,\"name\":\"Acas\u0103\",\"item\":\"https:\/\/metal-master.ro\/\"},{\"@type\":\"ListItem\",\"position\":3,\"name\":\"Structuri Metalice\"}]},{\"@type\":\"WebSite\",\"@id\":\"https:\/\/metal-master.ro\/#website\",\"url\":\"https:\/\/metal-master.ro\/\",\"name\":\"Metal Master\",\"description\":\"\",\"publisher\":{\"@id\":\"https:\/\/metal-master.ro\/#organization\"},\"potentialAction\":[{\"@type\":\"SearchAction\",\"target\":{\"@type\":\"EntryPoint\",\"urlTemplate\":\"https:\/\/metal-master.ro\/?s={search_term_string}\"},\"query-input\":{\"@type\":\"PropertyValueSpecification\",\"valueRequired\":true,\"valueName\":\"search_term_string\"}}],\"inLanguage\":\"en-US\"},{\"@type\":\"Organization\",\"@id\":\"https:\/\/metal-master.ro\/#organization\",\"name\":\"Metal Master\",\"url\":\"https:\/\/metal-master.ro\/\",\"logo\":{\"@type\":\"ImageObject\",\"inLanguage\":\"en-US\",\"@id\":\"https:\/\/metal-master.ro\/#\/schema\/logo\/image\/\",\"url\":\"https:\/\/metal-master.ro\/wp-content\/uploads\/2024\/11\/5d11b4b4-1c88-48f2-847e-53394684b9d9.jpg\",\"contentUrl\":\"https:\/\/metal-master.ro\/wp-content\/uploads\/2024\/11\/5d11b4b4-1c88-48f2-847e-53394684b9d9.jpg\",\"width\":816,\"height\":703,\"caption\":\"Metal Master\"},\"image\":{\"@id\":\"https:\/\/metal-master.ro\/#\/schema\/logo\/image\/\"}}]}<\/script>\n<!-- \/ Yoast SEO plugin. -->","yoast_head_json":{"title":"Structuri Metalice - Metal Master","robots":{"index":"index","follow":"follow","max-snippet":"max-snippet:-1","max-image-preview":"max-image-preview:large","max-video-preview":"max-video-preview:-1"},"canonical":"https:\/\/metal-master.ro\/index.php\/home\/structuri-metalice\/","og_locale":"en_US","og_type":"article","og_title":"Structuri Metalice - Metal Master","og_description":"Metal Master v\u0103 ofer\u0103 solu\u021bii complete pentru structuri metalice personalizate, concepute s\u0103 r\u0103spund\u0103 perfect cerin\u021belor proiectului dumneavoastr\u0103. Execut\u0103m o gam\u0103 variat\u0103 de structuri, de la pergole elegante, arcade rezistente, p\u00e2n\u0103 la mobilier de gr\u0103din\u0103 modern \u0219i alte construc\u021bii personalizate. Cu experien\u021b\u0103 vast\u0103 \u0219i utiliz\u00e2nd materiale de cea mai bun\u0103 calitate, garant\u0103m durabilitatea \u0219i estetica fiec\u0103rui [&hellip;]","og_url":"https:\/\/metal-master.ro\/index.php\/home\/structuri-metalice\/","og_site_name":"Metal Master","article_modified_time":"2024-12-11T21:21:37+00:00","og_image":[{"width":2560,"height":1706,"url":"https:\/\/metal-master.ro\/wp-content\/uploads\/2024\/12\/dreamstimeextralarge_36899425-scaled.jpg","type":"image\/jpeg"}],"twitter_card":"summary_large_image","twitter_misc":{"Est. reading time":"1 minute"},"schema":{"@context":"https:\/\/schema.org","@graph":[{"@type":"WebPage","@id":"https:\/\/metal-master.ro\/index.php\/home\/structuri-metalice\/","url":"https:\/\/metal-master.ro\/index.php\/home\/structuri-metalice\/","name":"Structuri Metalice - Metal Master","isPartOf":{"@id":"https:\/\/metal-master.ro\/#website"},"primaryImageOfPage":{"@id":"https:\/\/metal-master.ro\/index.php\/home\/structuri-metalice\/#primaryimage"},"image":{"@id":"https:\/\/metal-master.ro\/index.php\/home\/structuri-metalice\/#primaryimage"},"thumbnailUrl":"https:\/\/metal-master.ro\/wp-content\/uploads\/2024\/12\/dreamstimeextralarge_36899425-1024x682.jpg","datePublished":"2024-12-11T20:42:05+00:00","dateModified":"2024-12-11T21:21:37+00:00","breadcrumb":{"@id":"https:\/\/metal-master.ro\/index.php\/home\/structuri-metalice\/#breadcrumb"},"inLanguage":"en-US","potentialAction":[{"@type":"ReadAction","target":["https:\/\/metal-master.ro\/index.php\/home\/structuri-metalice\/"]}]},{"@type":"ImageObject","inLanguage":"en-US","@id":"https:\/\/metal-master.ro\/index.php\/home\/structuri-metalice\/#primaryimage","url":"https:\/\/metal-master.ro\/wp-content\/uploads\/2024\/12\/dreamstimeextralarge_36899425-scaled.jpg","contentUrl":"https:\/\/metal-master.ro\/wp-content\/uploads\/2024\/12\/dreamstimeextralarge_36899425-scaled.jpg","width":2560,"height":1706},{"@type":"BreadcrumbList","@id":"https:\/\/metal-master.ro\/index.php\/home\/structuri-metalice\/#breadcrumb","itemListElement":[{"@type":"ListItem","position":1,"name":"Home","item":"https:\/\/metal-master.ro\/"},{"@type":"ListItem","position":2,"name":"Acas\u0103","item":"https:\/\/metal-master.ro\/"},{"@type":"ListItem","position":3,"name":"Structuri Metalice"}]},{"@type":"WebSite","@id":"https:\/\/metal-master.ro\/#website","url":"https:\/\/metal-master.ro\/","name":"Metal Master","description":"","publisher":{"@id":"https:\/\/metal-master.ro\/#organization"},"potentialAction":[{"@type":"SearchAction","target":{"@type":"EntryPoint","urlTemplate":"https:\/\/metal-master.ro\/?s={search_term_string}"},"query-input":{"@type":"PropertyValueSpecification","valueRequired":true,"valueName":"search_term_string"}}],"inLanguage":"en-US"},{"@type":"Organization","@id":"https:\/\/metal-master.ro\/#organization","name":"Metal Master","url":"https:\/\/metal-master.ro\/","logo":{"@type":"ImageObject","inLanguage":"en-US","@id":"https:\/\/metal-master.ro\/#\/schema\/logo\/image\/","url":"https:\/\/metal-master.ro\/wp-content\/uploads\/2024\/11\/5d11b4b4-1c88-48f2-847e-53394684b9d9.jpg","contentUrl":"https:\/\/metal-master.ro\/wp-content\/uploads\/2024\/11\/5d11b4b4-1c88-48f2-847e-53394684b9d9.jpg","width":816,"height":703,"caption":"Metal Master"},"image":{"@id":"https:\/\/metal-master.ro\/#\/schema\/logo\/image\/"}}]}},"_links":{"self":[{"href":"https:\/\/metal-master.ro\/index.php\/wp-json\/wp\/v2\/pages\/183"}],"collection":[{"href":"https:\/\/metal-master.ro\/index.php\/wp-json\/wp\/v2\/pages"}],"about":[{"href":"https:\/\/metal-master.ro\/index.php\/wp-json\/wp\/v2\/types\/page"}],"author":[{"embeddable":true,"href":"https:\/\/metal-master.ro\/index.php\/wp-json\/wp\/v2\/users\/1"}],"replies":[{"embeddable":true,"href":"https:\/\/metal-master.ro\/index.php\/wp-json\/wp\/v2\/comments?post=183"}],"version-history":[{"count":1,"href":"https:\/\/metal-master.ro\/index.php\/wp-json\/wp\/v2\/pages\/183\/revisions"}],"predecessor-version":[{"id":184,"href":"https:\/\/metal-master.ro\/index.php\/wp-json\/wp\/v2\/pages\/183\/revisions\/184"}],"up":[{"embeddable":true,"href":"https:\/\/metal-master.ro\/index.php\/wp-json\/wp\/v2\/pages\/13"}],"wp:attachment":[{"href":"https:\/\/metal-master.ro\/index.php\/wp-json\/wp\/v2\/media?parent=183"}],"curies":[{"name":"wp","href":"https:\/\/api.w.org\/{rel}","templated":true}]}}