{"id":186,"date":"2024-12-11T22:46:05","date_gmt":"2024-12-11T20:46:05","guid":{"rendered":"https:\/\/metal-master.ro\/?page_id=186"},"modified":"2024-12-11T23:20:50","modified_gmt":"2024-12-11T21:20:50","slug":"garduri-metalice","status":"publish","type":"page","link":"https:\/\/metal-master.ro\/index.php\/home\/garduri-metalice\/","title":{"rendered":"Garduri metalice"},"content":{"rendered":"\n<figure class=\"wp-block-gallery has-nested-images columns-default is-cropped wp-block-gallery-1 is-layout-flex wp-block-gallery-is-layout-flex\">\n<figure class=\"wp-block-image size-large\"><img loading=\"lazy\" decoding=\"async\" width=\"1024\" height=\"683\" data-id=\"133\" src=\"https:\/\/metal-master.ro\/wp-content\/uploads\/2024\/12\/dreamstime_xxl_65218017-1024x683.jpg\" alt=\"garduri metalice\" class=\"wp-image-133\" srcset=\"https:\/\/metal-master.ro\/wp-content\/uploads\/2024\/12\/dreamstime_xxl_65218017-1024x683.jpg 1024w, https:\/\/metal-master.ro\/wp-content\/uploads\/2024\/12\/dreamstime_xxl_65218017-300x200.jpg 300w, https:\/\/metal-master.ro\/wp-content\/uploads\/2024\/12\/dreamstime_xxl_65218017-768x512.jpg 768w, https:\/\/metal-master.ro\/wp-content\/uploads\/2024\/12\/dreamstime_xxl_65218017-1536x1024.jpg 1536w, https:\/\/metal-master.ro\/wp-content\/uploads\/2024\/12\/dreamstime_xxl_65218017-2048x1365.jpg 2048w\" sizes=\"(max-width: 1024px) 100vw, 1024px\" \/><\/figure>\n\n\n\n<figure class=\"wp-block-image size-large\"><img loading=\"lazy\" decoding=\"async\" width=\"1024\" height=\"683\" data-id=\"130\" src=\"https:\/\/metal-master.ro\/wp-content\/uploads\/2024\/12\/dreamstime_xxl_6171278-1024x683.jpg\" alt=\"garduri metalice\" class=\"wp-image-130\" srcset=\"https:\/\/metal-master.ro\/wp-content\/uploads\/2024\/12\/dreamstime_xxl_6171278-1024x683.jpg 1024w, https:\/\/metal-master.ro\/wp-content\/uploads\/2024\/12\/dreamstime_xxl_6171278-300x200.jpg 300w, https:\/\/metal-master.ro\/wp-content\/uploads\/2024\/12\/dreamstime_xxl_6171278-768x512.jpg 768w, https:\/\/metal-master.ro\/wp-content\/uploads\/2024\/12\/dreamstime_xxl_6171278-1536x1024.jpg 1536w, https:\/\/metal-master.ro\/wp-content\/uploads\/2024\/12\/dreamstime_xxl_6171278-2048x1365.jpg 2048w\" sizes=\"(max-width: 1024px) 100vw, 1024px\" \/><\/figure>\n\n\n\n<figure class=\"wp-block-image size-large\"><img loading=\"lazy\" decoding=\"async\" width=\"1024\" height=\"672\" data-id=\"187\" src=\"https:\/\/metal-master.ro\/wp-content\/uploads\/2024\/12\/dreamstime_xxl_43502653-1024x672.jpg\" alt=\"garduri metalice\" class=\"wp-image-187\" srcset=\"https:\/\/metal-master.ro\/wp-content\/uploads\/2024\/12\/dreamstime_xxl_43502653-1024x672.jpg 1024w, https:\/\/metal-master.ro\/wp-content\/uploads\/2024\/12\/dreamstime_xxl_43502653-300x197.jpg 300w, https:\/\/metal-master.ro\/wp-content\/uploads\/2024\/12\/dreamstime_xxl_43502653-768x504.jpg 768w, https:\/\/metal-master.ro\/wp-content\/uploads\/2024\/12\/dreamstime_xxl_43502653-1536x1008.jpg 1536w, https:\/\/metal-master.ro\/wp-content\/uploads\/2024\/12\/dreamstime_xxl_43502653-2048x1344.jpg 2048w\" sizes=\"(max-width: 1024px) 100vw, 1024px\" \/><\/figure>\n<\/figure>\n\n\n\n<p><\/p>\n\n\n\n<p class=\"has-medium-font-size\"><strong>Metal Master<\/strong> v\u0103 ofer\u0103 garduri metalice <strong>premium<\/strong>, concepute pentru a combina func\u021bionalitatea cu estetica, ad\u0103ug\u00e2nd un plus de protec\u021bie \u0219i elegan\u021b\u0103 oric\u0103rei propriet\u0103\u021bi. Toate gardurile noastre sunt realizate la comand\u0103, adaptate cerin\u021belor \u0219i preferin\u021belor dumneavoastr\u0103, astfel \u00eenc\u00e2t s\u0103 corespund\u0103 perfect nevoilor \u0219i stilului propriet\u0103\u021bii dvs. Iat\u0103 ce face gardurile Metal Master s\u0103 fie alegerea ideal\u0103:<\/p>\n\n\n\n<ul class=\"wp-block-list\">\n<li class=\"has-medium-font-size\"><strong>Durabilitate \u0219i rezisten\u021b\u0103:<\/strong> Gardurile noastre sunt fabricate pentru a face fa\u021b\u0103 celor mai dure condi\u021bii meteo \u0219i uzurii, oferindu-v\u0103 o protec\u021bie de lung\u0103 durat\u0103.<\/li>\n\n\n\n<li class=\"has-medium-font-size\"><strong>Design personalizat:<\/strong> V\u0103 punem la dispozi\u021bie o selec\u021bie variat\u0103 de modele \u0219i finisaje, pentru a integra perfect gardul \u00een arhitectura \u0219i stilul propriet\u0103\u021bii dumneavoastr\u0103.<\/li>\n\n\n\n<li class=\"has-medium-font-size\"><strong>Siguran\u021b\u0103 sporit\u0103:<\/strong> Gardurile Metal Master ofer\u0103 o barier\u0103 solid\u0103 \u0219i sigur\u0103, protej\u00e2ndu-v\u0103 locuin\u021ba sau afacerea \u00eempotriva accesului neautorizat.<\/li>\n\n\n\n<li class=\"has-medium-font-size\"><strong>\u00centre\u021binere minim\u0103:<\/strong> Materialele de \u00eenalt\u0103 calitate utilizate \u00een construc\u021bie asigur\u0103 un aspect impecabil cu un efort redus de \u00eentre\u021binere.<\/li>\n<\/ul>\n\n\n\n<p class=\"has-medium-font-size\">Alege\u021bi Metal Master pentru un gard metalic care s\u0103 \u00eembine durabilitatea, securitatea \u0219i un design remarcabil. Contacta\u021bi-ne pentru solu\u021bii personalizate!<\/p>\n","protected":false},"excerpt":{"rendered":"<p>Metal Master v\u0103 ofer\u0103 garduri metalice premium, concepute pentru a combina func\u021bionalitatea cu estetica, ad\u0103ug\u00e2nd un plus de protec\u021bie \u0219i elegan\u021b\u0103 oric\u0103rei propriet\u0103\u021bi. Toate gardurile noastre sunt realizate la comand\u0103, adaptate cerin\u021belor \u0219i preferin\u021belor dumneavoastr\u0103, astfel \u00eenc\u00e2t s\u0103 corespund\u0103 perfect nevoilor \u0219i stilului propriet\u0103\u021bii dvs. Iat\u0103 ce face gardurile Metal Master s\u0103 fie alegerea ideal\u0103: [&hellip;]<\/p>\n","protected":false},"author":1,"featured_media":0,"parent":13,"menu_order":0,"comment_status":"closed","ping_status":"closed","template":"","meta":{"footnotes":""},"class_list":["post-186","page","type-page","status-publish","hentry"],"yoast_head":"<!-- This site is optimized with the Yoast SEO plugin v23.8 - https:\/\/yoast.com\/wordpress\/plugins\/seo\/ -->\n<title>Garduri metalice - Metal Master<\/title>\n<meta name=\"robots\" content=\"index, follow, max-snippet:-1, max-image-preview:large, max-video-preview:-1\" \/>\n<link rel=\"canonical\" href=\"https:\/\/metal-master.ro\/index.php\/home\/garduri-metalice\/\" \/>\n<meta property=\"og:locale\" content=\"en_US\" \/>\n<meta property=\"og:type\" content=\"article\" \/>\n<meta property=\"og:title\" content=\"Garduri metalice - Metal Master\" \/>\n<meta property=\"og:description\" content=\"Metal Master v\u0103 ofer\u0103 garduri metalice premium, concepute pentru a combina func\u021bionalitatea cu estetica, ad\u0103ug\u00e2nd un plus de protec\u021bie \u0219i elegan\u021b\u0103 oric\u0103rei propriet\u0103\u021bi. Toate gardurile noastre sunt realizate la comand\u0103, adaptate cerin\u021belor \u0219i preferin\u021belor dumneavoastr\u0103, astfel \u00eenc\u00e2t s\u0103 corespund\u0103 perfect nevoilor \u0219i stilului propriet\u0103\u021bii dvs. Iat\u0103 ce face gardurile Metal Master s\u0103 fie alegerea ideal\u0103: [&hellip;]\" \/>\n<meta property=\"og:url\" content=\"https:\/\/metal-master.ro\/index.php\/home\/garduri-metalice\/\" \/>\n<meta property=\"og:site_name\" content=\"Metal Master\" \/>\n<meta property=\"article:modified_time\" content=\"2024-12-11T21:20:50+00:00\" \/>\n<meta property=\"og:image\" content=\"https:\/\/metal-master.ro\/wp-content\/uploads\/2024\/12\/dreamstime_xxl_65218017-scaled.jpg\" \/>\n\t<meta property=\"og:image:width\" content=\"2560\" \/>\n\t<meta property=\"og:image:height\" content=\"1707\" \/>\n\t<meta property=\"og:image:type\" content=\"image\/jpeg\" \/>\n<meta name=\"twitter:card\" content=\"summary_large_image\" \/>\n<meta name=\"twitter:label1\" content=\"Est. reading time\" \/>\n\t<meta name=\"twitter:data1\" content=\"2 minutes\" \/>\n<script type=\"application\/ld+json\" class=\"yoast-schema-graph\">{\"@context\":\"https:\/\/schema.org\",\"@graph\":[{\"@type\":\"WebPage\",\"@id\":\"https:\/\/metal-master.ro\/index.php\/home\/garduri-metalice\/\",\"url\":\"https:\/\/metal-master.ro\/index.php\/home\/garduri-metalice\/\",\"name\":\"Garduri metalice - Metal Master\",\"isPartOf\":{\"@id\":\"https:\/\/metal-master.ro\/#website\"},\"primaryImageOfPage\":{\"@id\":\"https:\/\/metal-master.ro\/index.php\/home\/garduri-metalice\/#primaryimage\"},\"image\":{\"@id\":\"https:\/\/metal-master.ro\/index.php\/home\/garduri-metalice\/#primaryimage\"},\"thumbnailUrl\":\"https:\/\/metal-master.ro\/wp-content\/uploads\/2024\/12\/dreamstime_xxl_65218017-1024x683.jpg\",\"datePublished\":\"2024-12-11T20:46:05+00:00\",\"dateModified\":\"2024-12-11T21:20:50+00:00\",\"breadcrumb\":{\"@id\":\"https:\/\/metal-master.ro\/index.php\/home\/garduri-metalice\/#breadcrumb\"},\"inLanguage\":\"en-US\",\"potentialAction\":[{\"@type\":\"ReadAction\",\"target\":[\"https:\/\/metal-master.ro\/index.php\/home\/garduri-metalice\/\"]}]},{\"@type\":\"ImageObject\",\"inLanguage\":\"en-US\",\"@id\":\"https:\/\/metal-master.ro\/index.php\/home\/garduri-metalice\/#primaryimage\",\"url\":\"https:\/\/metal-master.ro\/wp-content\/uploads\/2024\/12\/dreamstime_xxl_65218017-scaled.jpg\",\"contentUrl\":\"https:\/\/metal-master.ro\/wp-content\/uploads\/2024\/12\/dreamstime_xxl_65218017-scaled.jpg\",\"width\":2560,\"height\":1707},{\"@type\":\"BreadcrumbList\",\"@id\":\"https:\/\/metal-master.ro\/index.php\/home\/garduri-metalice\/#breadcrumb\",\"itemListElement\":[{\"@type\":\"ListItem\",\"position\":1,\"name\":\"Home\",\"item\":\"https:\/\/metal-master.ro\/\"},{\"@type\":\"ListItem\",\"position\":2,\"name\":\"Acas\u0103\",\"item\":\"https:\/\/metal-master.ro\/\"},{\"@type\":\"ListItem\",\"position\":3,\"name\":\"Garduri metalice\"}]},{\"@type\":\"WebSite\",\"@id\":\"https:\/\/metal-master.ro\/#website\",\"url\":\"https:\/\/metal-master.ro\/\",\"name\":\"Metal Master\",\"description\":\"\",\"publisher\":{\"@id\":\"https:\/\/metal-master.ro\/#organization\"},\"potentialAction\":[{\"@type\":\"SearchAction\",\"target\":{\"@type\":\"EntryPoint\",\"urlTemplate\":\"https:\/\/metal-master.ro\/?s={search_term_string}\"},\"query-input\":{\"@type\":\"PropertyValueSpecification\",\"valueRequired\":true,\"valueName\":\"search_term_string\"}}],\"inLanguage\":\"en-US\"},{\"@type\":\"Organization\",\"@id\":\"https:\/\/metal-master.ro\/#organization\",\"name\":\"Metal Master\",\"url\":\"https:\/\/metal-master.ro\/\",\"logo\":{\"@type\":\"ImageObject\",\"inLanguage\":\"en-US\",\"@id\":\"https:\/\/metal-master.ro\/#\/schema\/logo\/image\/\",\"url\":\"https:\/\/metal-master.ro\/wp-content\/uploads\/2024\/11\/5d11b4b4-1c88-48f2-847e-53394684b9d9.jpg\",\"contentUrl\":\"https:\/\/metal-master.ro\/wp-content\/uploads\/2024\/11\/5d11b4b4-1c88-48f2-847e-53394684b9d9.jpg\",\"width\":816,\"height\":703,\"caption\":\"Metal Master\"},\"image\":{\"@id\":\"https:\/\/metal-master.ro\/#\/schema\/logo\/image\/\"}}]}<\/script>\n<!-- \/ Yoast SEO plugin. -->","yoast_head_json":{"title":"Garduri metalice - Metal Master","robots":{"index":"index","follow":"follow","max-snippet":"max-snippet:-1","max-image-preview":"max-image-preview:large","max-video-preview":"max-video-preview:-1"},"canonical":"https:\/\/metal-master.ro\/index.php\/home\/garduri-metalice\/","og_locale":"en_US","og_type":"article","og_title":"Garduri metalice - Metal Master","og_description":"Metal Master v\u0103 ofer\u0103 garduri metalice premium, concepute pentru a combina func\u021bionalitatea cu estetica, ad\u0103ug\u00e2nd un plus de protec\u021bie \u0219i elegan\u021b\u0103 oric\u0103rei propriet\u0103\u021bi. Toate gardurile noastre sunt realizate la comand\u0103, adaptate cerin\u021belor \u0219i preferin\u021belor dumneavoastr\u0103, astfel \u00eenc\u00e2t s\u0103 corespund\u0103 perfect nevoilor \u0219i stilului propriet\u0103\u021bii dvs. Iat\u0103 ce face gardurile Metal Master s\u0103 fie alegerea ideal\u0103: [&hellip;]","og_url":"https:\/\/metal-master.ro\/index.php\/home\/garduri-metalice\/","og_site_name":"Metal Master","article_modified_time":"2024-12-11T21:20:50+00:00","og_image":[{"width":2560,"height":1707,"url":"https:\/\/metal-master.ro\/wp-content\/uploads\/2024\/12\/dreamstime_xxl_65218017-scaled.jpg","type":"image\/jpeg"}],"twitter_card":"summary_large_image","twitter_misc":{"Est. reading time":"2 minutes"},"schema":{"@context":"https:\/\/schema.org","@graph":[{"@type":"WebPage","@id":"https:\/\/metal-master.ro\/index.php\/home\/garduri-metalice\/","url":"https:\/\/metal-master.ro\/index.php\/home\/garduri-metalice\/","name":"Garduri metalice - Metal Master","isPartOf":{"@id":"https:\/\/metal-master.ro\/#website"},"primaryImageOfPage":{"@id":"https:\/\/metal-master.ro\/index.php\/home\/garduri-metalice\/#primaryimage"},"image":{"@id":"https:\/\/metal-master.ro\/index.php\/home\/garduri-metalice\/#primaryimage"},"thumbnailUrl":"https:\/\/metal-master.ro\/wp-content\/uploads\/2024\/12\/dreamstime_xxl_65218017-1024x683.jpg","datePublished":"2024-12-11T20:46:05+00:00","dateModified":"2024-12-11T21:20:50+00:00","breadcrumb":{"@id":"https:\/\/metal-master.ro\/index.php\/home\/garduri-metalice\/#breadcrumb"},"inLanguage":"en-US","potentialAction":[{"@type":"ReadAction","target":["https:\/\/metal-master.ro\/index.php\/home\/garduri-metalice\/"]}]},{"@type":"ImageObject","inLanguage":"en-US","@id":"https:\/\/metal-master.ro\/index.php\/home\/garduri-metalice\/#primaryimage","url":"https:\/\/metal-master.ro\/wp-content\/uploads\/2024\/12\/dreamstime_xxl_65218017-scaled.jpg","contentUrl":"https:\/\/metal-master.ro\/wp-content\/uploads\/2024\/12\/dreamstime_xxl_65218017-scaled.jpg","width":2560,"height":1707},{"@type":"BreadcrumbList","@id":"https:\/\/metal-master.ro\/index.php\/home\/garduri-metalice\/#breadcrumb","itemListElement":[{"@type":"ListItem","position":1,"name":"Home","item":"https:\/\/metal-master.ro\/"},{"@type":"ListItem","position":2,"name":"Acas\u0103","item":"https:\/\/metal-master.ro\/"},{"@type":"ListItem","position":3,"name":"Garduri metalice"}]},{"@type":"WebSite","@id":"https:\/\/metal-master.ro\/#website","url":"https:\/\/metal-master.ro\/","name":"Metal Master","description":"","publisher":{"@id":"https:\/\/metal-master.ro\/#organization"},"potentialAction":[{"@type":"SearchAction","target":{"@type":"EntryPoint","urlTemplate":"https:\/\/metal-master.ro\/?s={search_term_string}"},"query-input":{"@type":"PropertyValueSpecification","valueRequired":true,"valueName":"search_term_string"}}],"inLanguage":"en-US"},{"@type":"Organization","@id":"https:\/\/metal-master.ro\/#organization","name":"Metal Master","url":"https:\/\/metal-master.ro\/","logo":{"@type":"ImageObject","inLanguage":"en-US","@id":"https:\/\/metal-master.ro\/#\/schema\/logo\/image\/","url":"https:\/\/metal-master.ro\/wp-content\/uploads\/2024\/11\/5d11b4b4-1c88-48f2-847e-53394684b9d9.jpg","contentUrl":"https:\/\/metal-master.ro\/wp-content\/uploads\/2024\/11\/5d11b4b4-1c88-48f2-847e-53394684b9d9.jpg","width":816,"height":703,"caption":"Metal Master"},"image":{"@id":"https:\/\/metal-master.ro\/#\/schema\/logo\/image\/"}}]}},"_links":{"self":[{"href":"https:\/\/metal-master.ro\/index.php\/wp-json\/wp\/v2\/pages\/186"}],"collection":[{"href":"https:\/\/metal-master.ro\/index.php\/wp-json\/wp\/v2\/pages"}],"about":[{"href":"https:\/\/metal-master.ro\/index.php\/wp-json\/wp\/v2\/types\/page"}],"author":[{"embeddable":true,"href":"https:\/\/metal-master.ro\/index.php\/wp-json\/wp\/v2\/users\/1"}],"replies":[{"embeddable":true,"href":"https:\/\/metal-master.ro\/index.php\/wp-json\/wp\/v2\/comments?post=186"}],"version-history":[{"count":2,"href":"https:\/\/metal-master.ro\/index.php\/wp-json\/wp\/v2\/pages\/186\/revisions"}],"predecessor-version":[{"id":190,"href":"https:\/\/metal-master.ro\/index.php\/wp-json\/wp\/v2\/pages\/186\/revisions\/190"}],"up":[{"embeddable":true,"href":"https:\/\/metal-master.ro\/index.php\/wp-json\/wp\/v2\/pages\/13"}],"wp:attachment":[{"href":"https:\/\/metal-master.ro\/index.php\/wp-json\/wp\/v2\/media?parent=186"}],"curies":[{"name":"wp","href":"https:\/\/api.w.org\/{rel}","templated":true}]}}